{"id":769,"date":"2026-03-09T14:06:30","date_gmt":"2026-03-09T14:06:30","guid":{"rendered":"http:\/\/studiosargenti.eu\/?page_id=769"},"modified":"2026-03-09T17:14:33","modified_gmt":"2026-03-09T17:14:33","slug":"strumenti","status":"publish","type":"page","link":"https:\/\/studiosargenti.eu\/?page_id=769","title":{"rendered":"Strumenti"},"content":{"rendered":"<hr \/>\n<p><strong>Drone DJI MINI 3 PRO (DJI RC)<br \/>\n<\/strong><\/p>\n<p>Il drone viene utilizzato per avere una visuale d\u2019insieme del territorio, per osservare al meglio i corpi di frana dall\u2019alto, i cantieri, le morfologie del terreno e dei pendii. Oltre ad attivit\u00e0 prettamente inerenti al nostro lavoro, possiamo fornire un\u00a0 servizio a qualsiasi richiedente al quale occorrono immagini dall\u2019alto di alta qualit\u00e0.<\/p>\n<p><img loading=\"lazy\" class=\"size-full wp-image-772 alignnone\" src=\"http:\/\/studiosargenti.eu\/wp-content\/uploads\/2026\/03\/drone_1100.jpg\" alt=\"\" width=\"1133\" height=\"737\" srcset=\"https:\/\/studiosargenti.eu\/wp-content\/uploads\/2026\/03\/drone_1100.jpg 1133w, https:\/\/studiosargenti.eu\/wp-content\/uploads\/2026\/03\/drone_1100-300x195.jpg 300w, https:\/\/studiosargenti.eu\/wp-content\/uploads\/2026\/03\/drone_1100-768x500.jpg 768w\" sizes=\"(max-width: 767px) 89vw, (max-width: 1000px) 54vw, (max-width: 1071px) 543px, 580px\" \/><\/p>\n<p><img loading=\"lazy\" class=\"alignnone size-full wp-image-773\" src=\"http:\/\/studiosargenti.eu\/wp-content\/uploads\/2026\/03\/Cim_1300.jpg\" alt=\"\" width=\"1328\" height=\"627\" srcset=\"https:\/\/studiosargenti.eu\/wp-content\/uploads\/2026\/03\/Cim_1300.jpg 1328w, https:\/\/studiosargenti.eu\/wp-content\/uploads\/2026\/03\/Cim_1300-300x142.jpg 300w, https:\/\/studiosargenti.eu\/wp-content\/uploads\/2026\/03\/Cim_1300-768x363.jpg 768w\" sizes=\"(max-width: 767px) 89vw, (max-width: 1000px) 54vw, (max-width: 1071px) 543px, 580px\" \/><br \/>\nCaratteristiche:<br \/>\nPACK LEGGERO, con un peso di 249 g, 3 ASSI GIMBAL CON CAMERA 4K: Mini 3 assicura una qualit\u00e0 d\u2019immagine sorprendente che \u00e8 costantemente fluida, OCUSYNC 2.0 TRASMISSIONE VIDEO: Mini 3 supporta fino a 10 km di trasmissione video HD e ha eccellenti capacit\u00e0 anti-interferenza, con il vantaggio di volare pi\u00f9 lontano e di vedere pi\u00f9 chiaramente. PRESTAZIONI POTENTI: Con una durata massima della batteria di 31 minuti, DJI Mini 3 garantisce un tempo pi\u00f9 che sufficiente per comporre lo scatto perfetto. Lo zoom digitale 4x rende pi\u00f9 sicuro e comodo il passaggio tra scatti di varia distanza e composizione.<\/p>\n<hr \/>\n<p><strong>Penetrometro e scissometro tascabile;<br \/>\n<\/strong><\/p>\n<p>Sono due strumenti che eseguono misure su carote o in sondaggi con escavatore da utilizzare per la caratterizzazione geotecnica speditiva del terreno dell\u2019area di studio. Sono necessari per avere un\u2019idea della resistenza al taglio e consistenza del terreno in condizioni non drenate.<br \/>\nCaratterisitiche:<br \/>\nPenetrometro: Questo modello ha una scala di lettura da 0 a 10 kgf\/cm2 (0-980 kPa). Costruito in acciaio inox, con tre puntali intercambiabili dia. 4.5 mm per terreni molto duri, dia. 6.35 mm per terreni duri e dia. 8.98 mm per terreni soffici. L\u2019asta di penetrazione consente misure anche in relativa profondit\u00e0 (fino a 6 cm) riducendo errori e incertezze dovute a misure superficiali.<br \/>\n<img loading=\"lazy\" class=\"alignnone size-full wp-image-774\" src=\"http:\/\/studiosargenti.eu\/wp-content\/uploads\/2026\/03\/vali_1100.jpg\" alt=\"\" width=\"1113\" height=\"806\" srcset=\"https:\/\/studiosargenti.eu\/wp-content\/uploads\/2026\/03\/vali_1100.jpg 1113w, https:\/\/studiosargenti.eu\/wp-content\/uploads\/2026\/03\/vali_1100-300x217.jpg 300w, https:\/\/studiosargenti.eu\/wp-content\/uploads\/2026\/03\/vali_1100-768x556.jpg 768w\" sizes=\"(max-width: 767px) 89vw, (max-width: 1000px) 54vw, (max-width: 1071px) 543px, 580px\" \/><\/p>\n<p>Scissometro: Campo di misura 0 \u2013 24 N\/cm2 (0-240 kPa), con tre palette cruciformi intercambiabili e asta di prolunga. Per misurare la resistenza al taglio in assenza di drenaggio (CU) delle terre coesive. \u00c8 costituito da un corpo cilindrico contenente una molla a torsione tarata e da una serie di 3 palette cruciformi, intercambiabili, di diverse dimensioni, da scegliere in base alla presunta resistenza del terreno in prova.<\/p>\n<p>Permette di eseguire un\u2019indagine geofisica indiretta chiamata HVSR, necessaria per capire le frequenze fondamentali del terreno, onde evitare risonanza con le strutture. Inoltre, correlato con l\u2019indagine PseudMASW permette di interpretare il sottosuolo dal punto di vista sismico.Caratteristiche principali:<br \/>\nTromografo digitale Tromino\u00ae BLU 3G+, dotato di 3 canali connessi a 3 velocimetri elettrodinamici ortogonali<\/p>\n<hr \/>\n<p><strong>Tromino Blu<br \/>\n<\/strong>Permette di eseguire un\u2019indagine geofisica indiretta chiamata HVSR, necessaria per capire le frequenze fondamentali del terreno, onde evitare risonanza con le strutture. Inoltre, correlato con l\u2019indagine PseudMASW permette di interpretare il sottosuolo dal punto di vista sismico.<br \/>\nCaratteristiche principali:<br \/>\nTromografo digitale Tromino\u00ae BLU 3G+, dotato di 3 canali connessi a 3 velocimetri elettrodinamici ortogonali<\/p>\n<p><img loading=\"lazy\" class=\"alignnone size-full wp-image-775\" src=\"http:\/\/studiosargenti.eu\/wp-content\/uploads\/2026\/03\/tromino_1200.jpg\" alt=\"\" width=\"1218\" height=\"735\" srcset=\"https:\/\/studiosargenti.eu\/wp-content\/uploads\/2026\/03\/tromino_1200.jpg 1218w, https:\/\/studiosargenti.eu\/wp-content\/uploads\/2026\/03\/tromino_1200-300x181.jpg 300w, https:\/\/studiosargenti.eu\/wp-content\/uploads\/2026\/03\/tromino_1200-768x463.jpg 768w\" sizes=\"(max-width: 767px) 89vw, (max-width: 1000px) 54vw, (max-width: 1071px) 543px, 580px\" \/><\/p>\n<hr \/>\n<p><strong>Trigger wireless<br \/>\n<\/strong>Sistema di trigger radio completamente senza cavi che permette di effettuare prove MASW congiuntamente alla prova H\/V nel tempo pi\u00f9 rapido possibile. Questa indagine correlata con l\u2019HVSR permette di stimare le velocit\u00e0 delle onde S del terreno di studio, stabilirne la categoria sismica e la stratigrafia sismica del sottosuolo, necessaria, tra le altre cose, per eseguire la Risposta Sismica locale Rigorosa. Per eseguire questa indagine occorre energizzare con una mazza di 4kg su una piastra metallica, ogni 3 metri, lungo una linea retta solitamente lunga 36m.<\/p>\n<p>Caratteristiche principali:<br \/>\nTromografo digitale Tromino\u00ae BLU 3G+, dotato di 3 canali connessi a 3 velocimetri elettrodinamici ortogonali con aggiunta del Trigger<br \/>\nConfigurazione e parametri di acquisizione<br \/>\nEnergizzazione: mazza battente da 4 kg;<br \/>\nDistanza tra ogni shot\/battuta: 3 m;<br \/>\nFrequenza di campionamento: 512 Hz;<\/p>\n<p><img loading=\"lazy\" class=\"alignnone size-full wp-image-781\" src=\"http:\/\/studiosargenti.eu\/wp-content\/uploads\/2026\/03\/piant_1000.jpg\" alt=\"\" width=\"1087\" height=\"817\" srcset=\"https:\/\/studiosargenti.eu\/wp-content\/uploads\/2026\/03\/piant_1000.jpg 1087w, https:\/\/studiosargenti.eu\/wp-content\/uploads\/2026\/03\/piant_1000-300x225.jpg 300w, https:\/\/studiosargenti.eu\/wp-content\/uploads\/2026\/03\/piant_1000-768x577.jpg 768w\" sizes=\"(max-width: 767px) 89vw, (max-width: 1000px) 54vw, (max-width: 1071px) 543px, 580px\" \/><\/p>\n<hr \/>\n<p><strong>Trivella manuale e trivella a spirale per acquisizione campioni<br \/>\n<\/strong>Piccole trivelle manuali in acciaio speciale. Questi attrezzi sono utilizzati per ottenere campioni rappresentativi dello strato superficiale del terreno, e analizzarli facendo analisi granulometriche autonomamente, o altre analisi in laboratorio.<br \/>\n<img loading=\"lazy\" class=\"alignnone size-full wp-image-778\" src=\"http:\/\/studiosargenti.eu\/wp-content\/uploads\/2026\/03\/Trivella_1000.jpg\" alt=\"\" width=\"1059\" height=\"585\" srcset=\"https:\/\/studiosargenti.eu\/wp-content\/uploads\/2026\/03\/Trivella_1000.jpg 1059w, https:\/\/studiosargenti.eu\/wp-content\/uploads\/2026\/03\/Trivella_1000-300x166.jpg 300w, https:\/\/studiosargenti.eu\/wp-content\/uploads\/2026\/03\/Trivella_1000-768x424.jpg 768w\" sizes=\"(max-width: 767px) 89vw, (max-width: 1000px) 54vw, (max-width: 1071px) 543px, 580px\" \/><\/p>\n<hr \/>\n<p><strong>Batteria di setacci fino a 63 micron per esecuzioni di analisi granulometriche<\/strong><strong><br \/>\n<\/strong>Aperture di 4mm, 2mm, 1mm, 250micr, 125micr, 63micr. Setacci in acciaio inossidabile secondo le Norme Europee UNI EN. Questi strumenti servono per la classificazione granulometrica (ghiaie, sabbie e limi) dei terreni, mi permette di capirne ancora meglio le caratteristiche ed elaborare la curva granulometrica.<br \/>\n<img loading=\"lazy\" class=\"alignnone size-full wp-image-780\" src=\"http:\/\/studiosargenti.eu\/wp-content\/uploads\/2026\/03\/pent_1000.jpg\" alt=\"\" width=\"1087\" height=\"712\" srcset=\"https:\/\/studiosargenti.eu\/wp-content\/uploads\/2026\/03\/pent_1000.jpg 1087w, https:\/\/studiosargenti.eu\/wp-content\/uploads\/2026\/03\/pent_1000-300x197.jpg 300w, https:\/\/studiosargenti.eu\/wp-content\/uploads\/2026\/03\/pent_1000-768x503.jpg 768w\" sizes=\"(max-width: 767px) 89vw, (max-width: 1000px) 54vw, (max-width: 1071px) 543px, 580px\" \/><br \/>\n<img loading=\"lazy\" class=\"alignnone size-full wp-image-779\" src=\"http:\/\/studiosargenti.eu\/wp-content\/uploads\/2026\/03\/curva_1300.jpg\" alt=\"\" width=\"1314\" height=\"685\" srcset=\"https:\/\/studiosargenti.eu\/wp-content\/uploads\/2026\/03\/curva_1300.jpg 1314w, https:\/\/studiosargenti.eu\/wp-content\/uploads\/2026\/03\/curva_1300-300x156.jpg 300w, https:\/\/studiosargenti.eu\/wp-content\/uploads\/2026\/03\/curva_1300-768x400.jpg 768w\" sizes=\"(max-width: 767px) 89vw, (max-width: 1000px) 54vw, (max-width: 1071px) 543px, 580px\" \/><\/p>\n<hr \/>\n<p><strong>Sonda multiparametrica con possibilit\u00e0 di collegamento da remoto<br \/>\n<\/strong><\/p>\n<p>Sonda per la misura e trasmissione remota di misure di livello e temperatura (espandibile anche per altri parametri), configurazione e scarico dati wireless tramite interfaccia radio USB, intervallo operativo da -5 a +8\u00b0C. Pressione atmosferica, temperatura operativa e tensione della batteria costantemente monitorate.<br \/>\nQuesta sonda multiparametrica mi permette di misurare la temperatura e il livello di falda con intervalli regolari stabiliti di tempo e da remoto<br \/>\n<img loading=\"lazy\" class=\"alignnone size-full wp-image-777\" src=\"http:\/\/studiosargenti.eu\/wp-content\/uploads\/2026\/03\/sno_1100.jpg\" alt=\"\" width=\"1129\" height=\"964\" srcset=\"https:\/\/studiosargenti.eu\/wp-content\/uploads\/2026\/03\/sno_1100.jpg 1129w, https:\/\/studiosargenti.eu\/wp-content\/uploads\/2026\/03\/sno_1100-300x256.jpg 300w, https:\/\/studiosargenti.eu\/wp-content\/uploads\/2026\/03\/sno_1100-768x656.jpg 768w\" sizes=\"(max-width: 767px) 89vw, (max-width: 1000px) 54vw, (max-width: 1071px) 543px, 580px\" \/><\/p>\n<hr \/>\n<p><strong>Freatimetro<br \/>\n<\/strong>Strumento per la misura del livello freatico, della temperatura e della profondit\u00e0 del foro. Pu\u00f2 essere utilizzato in fori di sondaggio, anche in assenza di falda, per la misura del gradiente geotermico.<br \/>\nCaratteristiche:<br \/>\nCavo tondo (diam. 4.7 mm) a quattro conduttori, con anima in kevlar e guaina esterna di protezione graduazione ogni centimetro. Precisione +\/- 0,1\u00b0C, tolleranza a fondo scala di 0,5 \u00b0C. Il sensore rilevatore di temperatura \u00e8 tarato per un campo di lettura temperature compreso tra 0\u00b0C e +100\u00b0C.<br \/>\n<img loading=\"lazy\" class=\"alignnone size-full wp-image-776\" src=\"http:\/\/studiosargenti.eu\/wp-content\/uploads\/2026\/03\/sald_1400.jpg\" alt=\"\" width=\"1424\" height=\"796\" srcset=\"https:\/\/studiosargenti.eu\/wp-content\/uploads\/2026\/03\/sald_1400.jpg 1424w, https:\/\/studiosargenti.eu\/wp-content\/uploads\/2026\/03\/sald_1400-300x168.jpg 300w, https:\/\/studiosargenti.eu\/wp-content\/uploads\/2026\/03\/sald_1400-768x429.jpg 768w\" sizes=\"(max-width: 767px) 89vw, (max-width: 1000px) 54vw, (max-width: 1071px) 543px, 580px\" \/><\/p>\n<hr \/>\n<p>&nbsp;<\/p>\n","protected":false},"excerpt":{"rendered":"<p>Drone DJI MINI 3 PRO (DJI RC) Il drone viene utilizzato per avere una visuale d\u2019insieme del territorio, per osservare al meglio i corpi di frana dall\u2019alto, i cantieri, le morfologie del terreno e dei pendii. Oltre ad attivit\u00e0 prettamente inerenti al nostro lavoro, possiamo fornire un\u00a0 servizio a qualsiasi richiedente al quale occorrono immagini &hellip; <\/p>\n<p class=\"link-more\"><a href=\"https:\/\/studiosargenti.eu\/?page_id=769\" class=\"more-link\">Leggi tutto<span class=\"screen-reader-text\"> &#8220;Strumenti&#8221;<\/span><\/a><\/p>\n","protected":false},"author":1,"featured_media":0,"parent":0,"menu_order":0,"comment_status":"closed","ping_status":"closed","template":"","meta":[],"_links":{"self":[{"href":"https:\/\/studiosargenti.eu\/index.php?rest_route=\/wp\/v2\/pages\/769"}],"collection":[{"href":"https:\/\/studiosargenti.eu\/index.php?rest_route=\/wp\/v2\/pages"}],"about":[{"href":"https:\/\/studiosargenti.eu\/index.php?rest_route=\/wp\/v2\/types\/page"}],"author":[{"embeddable":true,"href":"https:\/\/studiosargenti.eu\/index.php?rest_route=\/wp\/v2\/users\/1"}],"replies":[{"embeddable":true,"href":"https:\/\/studiosargenti.eu\/index.php?rest_route=%2Fwp%2Fv2%2Fcomments&post=769"}],"version-history":[{"count":11,"href":"https:\/\/studiosargenti.eu\/index.php?rest_route=\/wp\/v2\/pages\/769\/revisions"}],"predecessor-version":[{"id":791,"href":"https:\/\/studiosargenti.eu\/index.php?rest_route=\/wp\/v2\/pages\/769\/revisions\/791"}],"wp:attachment":[{"href":"https:\/\/studiosargenti.eu\/index.php?rest_route=%2Fwp%2Fv2%2Fmedia&parent=769"}],"curies":[{"name":"wp","href":"https:\/\/api.w.org\/{rel}","templated":true}]}}