{"id":515,"date":"2021-04-29T15:08:19","date_gmt":"2021-04-29T15:08:19","guid":{"rendered":"http:\/\/studiosargenti.eu\/?page_id=515"},"modified":"2026-03-03T08:51:35","modified_gmt":"2026-03-03T08:51:35","slug":"news-e-approfondimenti","status":"publish","type":"page","link":"https:\/\/studiosargenti.eu\/?page_id=515","title":{"rendered":"APPROFONDIMENTI"},"content":{"rendered":"<h1><a href=\"https:\/\/studiosargenti.eu\/?p=652\"><span style=\"color: #808000;\">UTILIZZO DEL DRONE<\/span><\/a><\/h1>\n<p>Studio Sargenti si avvale dell&#8217;aiuto di un drone per i lavori geologici, paesaggistici, ambientali.<\/p>\n<p><a href=\"http:\/\/studiosargenti.eu\/?p=652\">Leggi tutto<\/a><\/p>\n<h1><a href=\"http:\/\/studiosargenti.eu\/?p=639\"><span style=\"color: #808000;\">AGGIORNAMENTO GUIDA BONUS FISCALI 2022<\/span><\/a><\/h1>\n<p>Novit\u00e0 dal Notariato con la <strong>nuova versione della guida sui bonus fiscali 2022<\/strong>. Il documento \u00e8 stato aggiornato alle novit\u00e0 introdotte dalla pi\u00f9 recente normativa sul tema.<\/p>\n<p><a href=\"http:\/\/studiosargenti.eu\/?p=639\">Leggi tutto<\/a><\/p>\n<h1><span style=\"color: #808000;\"><a style=\"color: #808000;\" href=\"http:\/\/studiosargenti.eu\/?p=623\">SUPERBONUS PER INTERVENTI PER OPERE ESTERNE\u00a0<\/a><\/span><\/h1>\n<p>Approfondimento circa la fruibilit\u00e0 per interventi su opere esterne al fabbricato (<i>es. paratie sostegni e altri consolidamenti del terreno)<\/i>, alla luce della risposta 5\/2021 della Commissione Superbonus e dell\u2019Agenzia delle entrate (Interpelli 68\/2021 e 706\/2021).<u><\/u><u><\/u><\/p>\n<p>La Commissione Monitoraggio del Consiglio superiore dei lavori pubblici per le linee guida sul Sismabonus (commissione istituita ai sensi dell\u2019<a name=\"m_4787411102793274279_m_8854781999806041655_0\"><\/a>art. 4 del D. Min. Infrastrutture e Trasp. 28\/02\/2017, n. 58) \u2013 in risposta ad alcuni quesiti provenienti dal CNI \u2013 si \u00e8 espressa riguardo la fruibilit\u00e0 del Superbonus per interventi su opere esterne al perimetro del fabbricato o su manufatti posti in prossimit\u00e0 del fabbricato stesso, il cui degrado strutturale pu\u00f2 minare la stabilit\u00e0 della costruzione principale.<br \/>\nTale argomento era gi\u00e0 stato esaminato dall\u2019Agenzia delle entrate, con le risposte agli interpelli 68\/2021 e 706\/2021.<\/p>\n<p><a href=\"http:\/\/studiosargenti.eu\/?p=623\">Leggi tutto<\/a><\/p>\n<h1><span style=\"color: #808000;\"><a style=\"color: #808000;\" href=\"http:\/\/studiosargenti.eu\/?p=602\">STUDIO SULLA FRANA DI GOBBI, APPENNINO PIACENTINO<\/a><\/span><\/h1>\n<p>Riassunto della tesi di laurea magistrale in Scienze Chimiche e Geologiche di Elisabetta Magnani, che si concentra sullo studio dell\u2019area circostante la frazione di Gobbi nel comune di Bobbio, in provincia di Piacenza, dichiarata area a rischio idrogeologico molto elevato PS 267 (Legge 3\/8\/1998, n.267). L\u2019area \u00e8 interessata da diversi corpi di frana attivi e quiescenti che provocano evidenti lesioni agli edifici del paese. L\u2019obiettivo della tesi \u00e8 stata l\u2019elaborazione di verifiche di stabilit\u00e0 lungo il versante dove sorge il centro abitato ai fini di una pianificazione di interventi di consolidamento.<\/p>\n<p>Leggi il riassunto <a href=\"http:\/\/studiosargenti.eu\/?p=602\">QUI<\/a><\/p>\n<hr \/>\n<h1><span style=\"color: #808000;\"><a style=\"color: #808000;\" href=\"http:\/\/studiosargenti.eu\/?p=544\">GUIDA AL BONUS SISMA 110% 2021<\/a><\/span><\/h1>\n<p>Puoi trovare la nuova guida completa del Sole 24 ore al bonus sisma 110% &#8211; aggiornamento 2021 <a href=\"http:\/\/studiosargenti.eu\/wp-content\/uploads\/2021\/06\/Bonus-110-nuova-guida-20210210.pdf\">QUI<\/a><\/p>\n<hr \/>\n<h1 class=\"p1\"><span style=\"color: #808000;\"><a style=\"color: #808000;\" href=\"http:\/\/studiosargenti.eu\/?p=452\" target=\"_blank\" rel=\"noopener\">RAPPORTO SULLE FRANE IN EMILIA ROMAGNA<\/a><\/span><\/h1>\n<p class=\"p1\"><span class=\"s1\">Il dissesto idrogeologico gioca un ruolo di rilievo nella gestione del nostro territorio, come si evince dal Rapporto 2020 \u00a0del Servizio Geologico, Sismico e dei Suoli della Regione Emilia Romagna.<br \/>\nLo stesso espone i pi\u00f9 importanti fenomeni franosi avvenuti nella nostra Regione nell\u2019anno idrogeologico ottobre 2018\/settembre 2019.<br \/>\n<\/span><\/p>\n<p><a href=\"http:\/\/studiosargenti.eu\/?p=452\">continua a leggere&#8230;<\/a><\/p>\n<hr \/>\n<h1 class=\"p1\"><span class=\"s1\" style=\"color: #808000;\"><a style=\"color: #808000;\" href=\"http:\/\/studiosargenti.eu\/?p=375\">A 7 anni dal sisma in Emilia: il tema dell\u2019identit\u00e0<\/a><\/span><\/h1>\n<p class=\"p1\"><span class=\"s1\">Il tema dell\u2019identit\u00e0 del territorio emiliano, a volte confusa e messa alla prova dalle grandi accelerazioni umane e naturali, torna centrale con la nuova legge urbanistica regionale. Riproponiamo la Tesi in Composizione Architettonica (a cura di Elia Sargenti) che affronta questo tema immaginando un futuro per le realt\u00e0 (ri)costruite del dopo sisma.<\/span><\/p>\n<p class=\"p1\"><strong><span class=\"s1\">Potete scaricare la tesi a questo link: <\/span><\/strong><span class=\"s2\"><a href=\"https:\/\/www.scribd.com\/document\/413858280\/Dinamiche-Del-Post-terremoto-La-Metamorfosi-Delle-Citta-Istantanee-Il-Caso-Emiliano-Di-Concordia-Sulla-Secchia\">https:\/\/www.scribd.com\/document\/413858280\/Dinamiche-Del-Post-terremoto-La-Metamorfosi-Delle-Citta-Istantanee-Il-Caso-Emiliano-Di-Concordia-Sulla-Secchia<\/a><\/span><\/p>\n<hr \/>\n<h1 class=\"p1\"><span class=\"s1\" style=\"color: #808000;\"><a style=\"color: #808000;\" href=\"http:\/\/studiosargenti.eu\/?p=341\">NTC 2018<\/a><\/span><\/h1>\n<p class=\"p1\"><strong><span class=\"s1\">Applicazione dell\u2019\u00abAggiornamento delle \u201cNorme tecniche per le costruzioni\u201d\u00bb.<\/span><\/strong><\/p>\n<p class=\"p1\"><span class=\"s1\">L\u2019attesa circolare applicativa delle nuove Norme Tecniche per le Costruzioni \u00e8 stata pubblicata. Potete scaricare i vari documenti al seguente link: <\/span><span class=\"s2\"><a href=\"http:\/\/www.gazzettaufficiale.it\/eli\/id\/2019\/02\/11\/19A00855\/sg\">Circolare Applicativa NTC 2018 \u2013 Gazzetta Ufficiale<\/a><\/span><\/p>\n<hr \/>\n<h1 class=\"p1\"><span class=\"s1\" style=\"color: #808000;\"><a style=\"color: #808000;\" href=\"http:\/\/studiosargenti.eu\/?p=334\">LEGGE DI BILANCIO N.145\/2018 \u2013 FLAT TAX<\/a><\/span><\/h1>\n<p class=\"p1\"><span class=\"s1\">Per il 2019 il nostro Studio ha optato per il nuovo regime fiscale forfettario. Pertanto, le fatturazioni saranno emesse in franchigia di IVA e non saranno soggette a ritenuta d\u2019acconto.<\/span><\/p>\n<p class=\"p1\"><span class=\"s1\">Questo comporter\u00e0 un sensibile vantaggio nei costi per le persone fisiche e altri soggetti aderenti allo stesso regime forfettario.<\/span><\/p>\n<hr \/>\n<h1 class=\"p1\"><span class=\"s1\" style=\"color: #808000;\"><a style=\"color: #808000;\" href=\"http:\/\/studiosargenti.eu\/?p=239\">TRIENNALE DI MILANO<\/a><\/span><\/h1>\n<p class=\"p1\"><span class=\"s1\"><b>Presenti\u00a0 alla Triennale di Milano\u00a0<\/b>all\u2019interno della Mostra \u201cRicostruzioni: architettura, citt\u00e0 e paesaggio nell\u2019epoca delle distruzioni\u201d\u00a0<b>fino al 10 febbraio 2019 con la ricerca sulle \u201cCitt\u00e0 Istantanee\u201d<\/b>\u00a0del post-terremoto.<\/span><\/p>\n<p class=\"p1\"><span class=\"s1\"><i>La mostra presenta una panoramica di ricostruzioni appartenenti a tempi e luoghi diversi sviluppando una riflessione sulle prospettive future che, dal Medio Oriente alle Americhe, coinvolge l\u2019azione dei governi e la cultura degli architetti.<\/i><\/span><\/p>\n<hr \/>\n<h1 class=\"p1\"><span class=\"s1\" style=\"color: #808000;\"><a style=\"color: #808000;\" href=\"http:\/\/studiosargenti.eu\/?p=230\">TERRE E ROCCE DA SCAVO<\/a><\/span><\/h1>\n<p class=\"p1\"><strong><span class=\"s1\">UNA SINTESI OPERATIVA<\/span><\/strong><\/p>\n<p class=\"p1\"><span class=\"s1\">Facendo seguito al percorso formativo in materia, cui abbiamo partecipato in modo attivo intendiamo fare una\u00a0<b>breve sintesi operativa della sola disciplina che regola l\u2019utilizzo delle terre e rocce da scavo<\/b>\u00a0all\u2019 interno dello stesso cantiere come \u00abnon rifiuti\u00bb e al di fuori del sito di produzione, come \u00absottoprodotti\u00bb.<\/span><\/p>\n<p class=\"p2\"><a href=\"http:\/\/studiosargenti.eu\/?p=230\">continua a leggere&#8230;<\/a><\/p>\n<hr \/>\n<h1 class=\"p1\"><span class=\"s1\" style=\"color: #808000;\"><a style=\"color: #808000;\" href=\"http:\/\/studiosargenti.eu\/?p=224\">IL CAMBIAMENTO DEL CLIMA IN EMILIA-ROMAGNA<\/a><\/span><\/h1>\n<p><strong>UN REPORT<\/strong><\/p>\n<p class=\"p1\"><span class=\"s1\"><b>L\u2019Atlante climatico 1961-2015<\/b><\/span><\/p>\n<p class=\"p1\"><span class=\"s1\">Consultando l\u2019Atlante Climatico (scaricabile al link qua sotto) ci si rende conto di quanto il clima stia cambiando velocemente con innalzamento delle temperature medie e stagioni sempre pi\u00f9 aride.<\/span><\/p>\n<p class=\"p2\"><span class=\"s2\"><a href=\"https:\/\/www.arpae.it\/cms3\/documenti\/_cerca_doc\/meteo\/clima\/Atlante_climatico_1961-2015.pdf\">Atlante Climatico Arpae 2017<\/a><\/span><\/p>\n<p class=\"p1\"><span class=\"s1\"><i>L\u2019Atlante climatico dell\u2019Emilia-Romagna (edizione 2017) \u00e8 un prodotto dell\u2019analisi climatica giornaliera 1961-2015\u00a0e presenta un confronto tra il clima attuale (anni 1991-2015) e quello del trentennio di riferimento 1961-1990.<\/i><\/span><\/p>\n<p class=\"p1\"><span class=\"s1\"><i>Nella pubblicazione sono disponibili mappe annuali e stagionali relative a temperature, precipitazioni, evapotraspirazione potenziale e bilancio idroclimatico. Inoltre l\u2019Atlante contiene grafici con le tendenze in atto, informazioni sulla possibile evoluzione del clima regionale in futuro, e una tabella climatica comunale.<\/i><\/span><\/p>\n","protected":false},"excerpt":{"rendered":"<p>UTILIZZO DEL DRONE Studio Sargenti si avvale dell&#8217;aiuto di un drone per i lavori geologici, paesaggistici, ambientali. Leggi tutto AGGIORNAMENTO GUIDA BONUS FISCALI 2022 Novit\u00e0 dal Notariato con la nuova versione della guida sui bonus fiscali 2022. Il documento \u00e8 stato aggiornato alle novit\u00e0 introdotte dalla pi\u00f9 recente normativa sul tema. Leggi tutto SUPERBONUS PER &hellip; <\/p>\n<p class=\"link-more\"><a href=\"https:\/\/studiosargenti.eu\/?page_id=515\" class=\"more-link\">Leggi tutto<span class=\"screen-reader-text\"> &#8220;APPROFONDIMENTI&#8221;<\/span><\/a><\/p>\n","protected":false},"author":1,"featured_media":0,"parent":0,"menu_order":0,"comment_status":"closed","ping_status":"closed","template":"","meta":[],"_links":{"self":[{"href":"https:\/\/studiosargenti.eu\/index.php?rest_route=\/wp\/v2\/pages\/515"}],"collection":[{"href":"https:\/\/studiosargenti.eu\/index.php?rest_route=\/wp\/v2\/pages"}],"about":[{"href":"https:\/\/studiosargenti.eu\/index.php?rest_route=\/wp\/v2\/types\/page"}],"author":[{"embeddable":true,"href":"https:\/\/studiosargenti.eu\/index.php?rest_route=\/wp\/v2\/users\/1"}],"replies":[{"embeddable":true,"href":"https:\/\/studiosargenti.eu\/index.php?rest_route=%2Fwp%2Fv2%2Fcomments&post=515"}],"version-history":[{"count":17,"href":"https:\/\/studiosargenti.eu\/index.php?rest_route=\/wp\/v2\/pages\/515\/revisions"}],"predecessor-version":[{"id":768,"href":"https:\/\/studiosargenti.eu\/index.php?rest_route=\/wp\/v2\/pages\/515\/revisions\/768"}],"wp:attachment":[{"href":"https:\/\/studiosargenti.eu\/index.php?rest_route=%2Fwp%2Fv2%2Fmedia&parent=515"}],"curies":[{"name":"wp","href":"https:\/\/api.w.org\/{rel}","templated":true}]}}